{"id":41,"date":"2022-06-23T07:43:21","date_gmt":"2022-06-23T07:43:21","guid":{"rendered":"http:\/\/v2.prudenceleasing.com\/?page_id=41"},"modified":"2022-09-21T20:28:37","modified_gmt":"2022-09-21T20:28:37","slug":"our-solutions","status":"publish","type":"page","link":"http:\/\/v2.prudenceleasing.com\/fr\/our-solutions\/","title":{"rendered":"Nos solutions"},"content":{"rendered":"<div data-elementor-type=\"wp-page\" data-elementor-id=\"41\" class=\"elementor elementor-41\">\n\t\t\t\t\t\t\t\t\t<section class=\"elementor-section elementor-top-section elementor-element elementor-element-04c11bf elementor-section-height-min-height elementor-section-full_width elementor-section-items-stretch elementor-section-stretched ourSolutionBanner elementor-section-height-default\" data-id=\"04c11bf\" data-element_type=\"section\" data-settings=\"{&quot;background_background&quot;:&quot;classic&quot;,&quot;stretch_section&quot;:&quot;section-stretched&quot;,&quot;background_motion_fx_translateY_effect&quot;:&quot;yes&quot;,&quot;background_motion_fx_translateY_speed&quot;:{&quot;unit&quot;:&quot;px&quot;,&quot;size&quot;:1.6,&quot;sizes&quot;:[]},&quot;background_motion_fx_motion_fx_mouse&quot;:&quot;yes&quot;,&quot;background_motion_fx_mouseTrack_effect&quot;:&quot;yes&quot;,&quot;background_motion_fx_mouseTrack_speed&quot;:{&quot;unit&quot;:&quot;px&quot;,&quot;size&quot;:0.1,&quot;sizes&quot;:[]},&quot;background_motion_fx_motion_fx_scrolling&quot;:&quot;yes&quot;,&quot;background_motion_fx_translateY_affectedRange&quot;:{&quot;unit&quot;:&quot;%&quot;,&quot;size&quot;:&quot;&quot;,&quot;sizes&quot;:{&quot;start&quot;:0,&quot;end&quot;:100}},&quot;background_motion_fx_devices&quot;:[&quot;desktop&quot;,&quot;tablet&quot;,&quot;mobile&quot;]}\">\n\t\t\t\t\t\t\t<div class=\"elementor-background-overlay\"><\/div>\n\t\t\t\t\t\t\t<div class=\"elementor-container elementor-column-gap-default\">\n\t\t\t\t\t<div class=\"elementor-column elementor-col-50 elementor-top-column elementor-element elementor-element-8b2f67d ourSolutionBanner-item-left\" data-id=\"8b2f67d\" data-element_type=\"column\">\n\t\t\t<div class=\"elementor-widget-wrap elementor-element-populated\">\n\t\t\t\t\t\t\t\t<div class=\"elementor-element elementor-element-f967ef8 elementor-widget__width-auto elementor-absolute fleure elementor-widget elementor-widget-image\" data-id=\"f967ef8\" data-element_type=\"widget\" data-settings=\"{&quot;_position&quot;:&quot;absolute&quot;,&quot;motion_fx_motion_fx_mouse&quot;:&quot;yes&quot;,&quot;motion_fx_mouseTrack_direction&quot;:&quot;negative&quot;,&quot;motion_fx_mouseTrack_effect&quot;:&quot;yes&quot;,&quot;motion_fx_mouseTrack_speed&quot;:{&quot;unit&quot;:&quot;px&quot;,&quot;size&quot;:0.2,&quot;sizes&quot;:[]}}\" data-widget_type=\"image.default\">\n\t\t\t\t<div class=\"elementor-widget-container\">\n\t\t\t\t\t\t\t\t\t\t\t\t\t\t\t<img src=\"http:\/\/v2.prudenceleasing.com\/wp-content\/uploads\/2022\/06\/herb-1.png\" title=\"herb\" alt=\"herb\" \/>\t\t\t\t\t\t\t\t\t\t\t\t\t\t\t<\/div>\n\t\t\t\t<\/div>\n\t\t\t\t<div class=\"elementor-element elementor-element-bee47cc elementor-widget__width-auto elementor-absolute raketaBe elementor-widget elementor-widget-image\" data-id=\"bee47cc\" data-element_type=\"widget\" data-settings=\"{&quot;_position&quot;:&quot;absolute&quot;,&quot;motion_fx_motion_fx_mouse&quot;:&quot;yes&quot;,&quot;motion_fx_mouseTrack_direction&quot;:&quot;negative&quot;,&quot;motion_fx_mouseTrack_effect&quot;:&quot;yes&quot;,&quot;motion_fx_mouseTrack_speed&quot;:{&quot;unit&quot;:&quot;px&quot;,&quot;size&quot;:0.2,&quot;sizes&quot;:[]}}\" data-widget_type=\"image.default\">\n\t\t\t\t<div class=\"elementor-widget-container\">\n\t\t\t\t\t\t\t\t\t\t\t\t\t\t\t<img src=\"http:\/\/v2.prudenceleasing.com\/wp-content\/uploads\/2022\/06\/trel.png\" title=\"trel\" alt=\"trel\" \/>\t\t\t\t\t\t\t\t\t\t\t\t\t\t\t<\/div>\n\t\t\t\t<\/div>\n\t\t\t\t<div class=\"elementor-element elementor-element-65455b7 elementor-widget__width-auto elementor-absolute banner_mouse elementor-widget elementor-widget-image\" data-id=\"65455b7\" data-element_type=\"widget\" id=\"plo-\" data-settings=\"{&quot;_position&quot;:&quot;absolute&quot;}\" data-widget_type=\"image.default\">\n\t\t\t\t<div class=\"elementor-widget-container\">\n\t\t\t\t\t\t\t\t\t\t\t\t\t\t\t\t<a href=\"#f-position\">\n\t\t\t\t\t\t\t<img width=\"33\" height=\"75\" src=\"http:\/\/v2.prudenceleasing.com\/wp-content\/uploads\/2022\/06\/souris.png\" class=\"elementor-animation-pulse attachment-thumbnail size-thumbnail\" alt=\"\" loading=\"lazy\" \/>\t\t\t\t\t\t\t\t<\/a>\n\t\t\t\t\t\t\t\t\t\t\t\t\t\t\t<\/div>\n\t\t\t\t<\/div>\n\t\t\t\t\t<\/div>\n\t\t<\/div>\n\t\t\t\t<div class=\"elementor-column elementor-col-50 elementor-top-column elementor-element elementor-element-7f1dc9d ourSolutionBanner-item-right\" data-id=\"7f1dc9d\" data-element_type=\"column\" data-settings=\"{&quot;background_background&quot;:&quot;classic&quot;}\">\n\t\t\t<div class=\"elementor-widget-wrap elementor-element-populated\">\n\t\t\t\t\t<div class=\"elementor-background-overlay\"><\/div>\n\t\t\t\t\t\t\t\t<div class=\"elementor-element elementor-element-38a43a0 elementor-invisible elementor-widget elementor-widget-heading\" data-id=\"38a43a0\" data-element_type=\"widget\" data-settings=\"{&quot;_animation&quot;:&quot;zoomIn&quot;,&quot;_animation_delay&quot;:50}\" data-widget_type=\"heading.default\">\n\t\t\t\t<div class=\"elementor-widget-container\">\n\t\t\t<div class=\"elementor-heading-title elementor-size-default\">NOUS VOUS OFFRONS<\/div>\t\t<\/div>\n\t\t\t\t<\/div>\n\t\t\t\t<div class=\"elementor-element elementor-element-0edfe2b elementor-invisible elementor-widget elementor-widget-heading\" data-id=\"0edfe2b\" data-element_type=\"widget\" data-settings=\"{&quot;_animation&quot;:&quot;zoomIn&quot;,&quot;_animation_delay&quot;:50}\" data-widget_type=\"heading.default\">\n\t\t\t\t<div class=\"elementor-widget-container\">\n\t\t\t<div class=\"elementor-heading-title elementor-size-default\">NOS MEILLEURES SOLUTIONS DE FINANCEMENT<\/div>\t\t<\/div>\n\t\t\t\t<\/div>\n\t\t\t\t<div class=\"elementor-element elementor-element-d52c06b elementor-invisible elementor-widget elementor-widget-text-editor\" data-id=\"d52c06b\" data-element_type=\"widget\" data-settings=\"{&quot;_animation&quot;:&quot;zoomIn&quot;,&quot;_animation_delay&quot;:100}\" data-widget_type=\"text-editor.default\">\n\t\t\t\t<div class=\"elementor-widget-container\">\n\t\t\t\t\t\t\t<p>Vous avez des besoins financiers sp\u00e9cifiques \u00e0 diff\u00e9rentes \u00e9tapes de votre vie personnelle ou professionnelle. Nous proposons des solutions sur mesure pour vous aider \u00e0 r\u00e9aliser vos ambitions et maximiser votre cashflow.<\/p>\t\t\t\t\t\t<\/div>\n\t\t\t\t<\/div>\n\t\t\t\t<div class=\"elementor-element elementor-element-fea029b elementor-widget__width-auto elementor-absolute montagne elementor-widget elementor-widget-image\" data-id=\"fea029b\" data-element_type=\"widget\" data-settings=\"{&quot;_position&quot;:&quot;absolute&quot;,&quot;motion_fx_motion_fx_mouse&quot;:&quot;yes&quot;,&quot;motion_fx_mouseTrack_direction&quot;:&quot;negative&quot;,&quot;motion_fx_mouseTrack_effect&quot;:&quot;yes&quot;,&quot;motion_fx_mouseTrack_speed&quot;:{&quot;unit&quot;:&quot;px&quot;,&quot;size&quot;:0.1,&quot;sizes&quot;:[]}}\" data-widget_type=\"image.default\">\n\t\t\t\t<div class=\"elementor-widget-container\">\n\t\t\t\t\t\t\t\t\t\t\t\t\t\t\t<img src=\"http:\/\/v2.prudenceleasing.com\/wp-content\/uploads\/elementor\/thumbs\/montagn-ps1p9gkq3srx8a720l2pt6u7qo65bebi7pxwrsajds.png\" title=\"montagn\" alt=\"montagn\" \/>\t\t\t\t\t\t\t\t\t\t\t\t\t\t\t<\/div>\n\t\t\t\t<\/div>\n\t\t\t\t\t<\/div>\n\t\t<\/div>\n\t\t\t\t\t\t\t<\/div>\n\t\t<\/section>\n\t\t\t\t<section class=\"elementor-section elementor-top-section elementor-element elementor-element-ea63072 elementor-section-boxed elementor-section-height-default elementor-section-height-default\" data-id=\"ea63072\" data-element_type=\"section\" id=\"f-position\">\n\t\t\t\t\t\t<div class=\"elementor-container elementor-column-gap-default\">\n\t\t\t\t\t<div class=\"elementor-column elementor-col-50 elementor-top-column elementor-element elementor-element-50e7c72 elementor-invisible\" data-id=\"50e7c72\" data-element_type=\"column\" data-settings=\"{&quot;animation&quot;:&quot;zoomIn&quot;}\">\n\t\t\t<div class=\"elementor-widget-wrap elementor-element-populated\">\n\t\t\t\t\t\t\t\t<div class=\"elementor-element elementor-element-05af32e elementor-widget elementor-widget-image\" data-id=\"05af32e\" data-element_type=\"widget\" data-widget_type=\"image.default\">\n\t\t\t\t<div class=\"elementor-widget-container\">\n\t\t\t\t\t\t\t\t\t\t\t\t\t\t\t<img width=\"822\" height=\"498\" src=\"http:\/\/v2.prudenceleasing.com\/wp-content\/uploads\/2022\/09\/SITE-PHOTO.jpg\" class=\"attachment-full size-full\" alt=\"\" loading=\"lazy\" srcset=\"http:\/\/v2.prudenceleasing.com\/wp-content\/uploads\/2022\/09\/SITE-PHOTO.jpg 822w, http:\/\/v2.prudenceleasing.com\/wp-content\/uploads\/2022\/09\/SITE-PHOTO-300x182.jpg 300w, http:\/\/v2.prudenceleasing.com\/wp-content\/uploads\/2022\/09\/SITE-PHOTO-768x465.jpg 768w, http:\/\/v2.prudenceleasing.com\/wp-content\/uploads\/2022\/09\/SITE-PHOTO-18x12.jpg 18w\" sizes=\"(max-width: 822px) 100vw, 822px\" \/>\t\t\t\t\t\t\t\t\t\t\t\t\t\t\t<\/div>\n\t\t\t\t<\/div>\n\t\t\t\t<div class=\"elementor-element elementor-element-ca66dad elementor-absolute escarg elementor-widget elementor-widget-image\" data-id=\"ca66dad\" data-element_type=\"widget\" data-settings=\"{&quot;_position&quot;:&quot;absolute&quot;,&quot;motion_fx_motion_fx_mouse&quot;:&quot;yes&quot;,&quot;motion_fx_mouseTrack_effect&quot;:&quot;yes&quot;,&quot;motion_fx_mouseTrack_speed&quot;:{&quot;unit&quot;:&quot;px&quot;,&quot;size&quot;:0.4,&quot;sizes&quot;:[]}}\" data-widget_type=\"image.default\">\n\t\t\t\t<div class=\"elementor-widget-container\">\n\t\t\t\t\t\t\t\t\t\t\t\t\t\t\t<img width=\"220\" height=\"231\" src=\"http:\/\/v2.prudenceleasing.com\/wp-content\/uploads\/2022\/06\/tourn.png\" class=\"attachment-large size-large\" alt=\"\" loading=\"lazy\" \/>\t\t\t\t\t\t\t\t\t\t\t\t\t\t\t<\/div>\n\t\t\t\t<\/div>\n\t\t\t\t<div class=\"elementor-element elementor-element-38090ab elementor-widget elementor-widget-heading\" data-id=\"38090ab\" data-element_type=\"widget\" data-widget_type=\"heading.default\">\n\t\t\t\t<div class=\"elementor-widget-container\">\n\t\t\t<div class=\"elementor-heading-title elementor-size-default\">CR\u00c9DIT BAIL<\/div>\t\t<\/div>\n\t\t\t\t<\/div>\n\t\t\t\t<div class=\"elementor-element elementor-element-41e0981 elementor-widget elementor-widget-text-editor\" data-id=\"41e0981\" data-element_type=\"widget\" data-widget_type=\"text-editor.default\">\n\t\t\t\t<div class=\"elementor-widget-container\">\n\t\t\t\t\t\t\t<p><strong>Contractez un actif ou un bien et b\u00e9n\u00e9ficiez de l\u2019avantage de son utilisation, sans pour autant l\u2019acheter <\/strong><\/p><p>Vous souhaitez acqu\u00e9rir un bien et avez besoin d\u2019un soutien financier, Prudence Leasing a la solution pour vous aider \u00e0 agir rapidement et de mani\u00e8re d\u00e9cisive. Nous r\u00e9digeons un contrat de leasing qui vous permet d\u2019acqu\u00e9rir le bien, sans avoir \u00e0 l\u2019acheter pendant la dur\u00e9e du contrat,  moyennant un frais de location.<\/p><p>Nous apportons le capital n\u00e9cessaire \u00e0 l'acquisition de :<\/p><p><strong>\u2022 v\u00e9hicules pour usage personnel;<\/strong><br \/><strong>\u2022 embarcations de plaisance; <\/strong><br \/><strong>\u2022 v\u00e9hicules professionnels et industriels; <\/strong><br \/><strong>\u2022 \u00e9quipement industriel, agricole, construction et \n  commercial; <\/strong><\/p>\t\t\t\t\t\t<\/div>\n\t\t\t\t<\/div>\n\t\t\t\t<div class=\"elementor-element elementor-element-9b7ea46 elementor-align-center elementor-widget__width-auto leasing_btn elementor-widget elementor-widget-button\" data-id=\"9b7ea46\" data-element_type=\"widget\" data-widget_type=\"button.default\">\n\t\t\t\t<div class=\"elementor-widget-container\">\n\t\t\t\t\t<div class=\"elementor-button-wrapper\">\n\t\t\t<a href=\"http:\/\/v2.prudenceleasing.com\/fr\/lease-solutions\/\" class=\"elementor-button-link elementor-button elementor-size-md\" role=\"button\">\n\t\t\t\t\t\t<span class=\"elementor-button-content-wrapper\">\n\t\t\t\t\t\t<span class=\"elementor-button-text\">NOS SOLUTIONS DE LEASING<\/span>\n\t\t<\/span>\n\t\t\t\t\t<\/a>\n\t\t<\/div>\n\t\t\t\t<\/div>\n\t\t\t\t<\/div>\n\t\t\t\t\t<\/div>\n\t\t<\/div>\n\t\t\t\t<div class=\"elementor-column elementor-col-50 elementor-top-column elementor-element elementor-element-fa685c9 elementor-invisible\" data-id=\"fa685c9\" data-element_type=\"column\" data-settings=\"{&quot;animation&quot;:&quot;zoomIn&quot;}\">\n\t\t\t<div class=\"elementor-widget-wrap elementor-element-populated\">\n\t\t\t\t\t\t\t\t<div class=\"elementor-element elementor-element-c07bfe0 elementor-widget elementor-widget-image\" data-id=\"c07bfe0\" data-element_type=\"widget\" data-widget_type=\"image.default\">\n\t\t\t\t<div class=\"elementor-widget-container\">\n\t\t\t\t\t\t\t\t\t\t\t\t\t\t\t<img width=\"822\" height=\"498\" src=\"http:\/\/v2.prudenceleasing.com\/wp-content\/uploads\/2022\/07\/sol-depot.jpg\" class=\"attachment-full size-full\" alt=\"\" loading=\"lazy\" srcset=\"http:\/\/v2.prudenceleasing.com\/wp-content\/uploads\/2022\/07\/sol-depot.jpg 822w, http:\/\/v2.prudenceleasing.com\/wp-content\/uploads\/2022\/07\/sol-depot-300x182.jpg 300w, http:\/\/v2.prudenceleasing.com\/wp-content\/uploads\/2022\/07\/sol-depot-768x465.jpg 768w\" sizes=\"(max-width: 822px) 100vw, 822px\" \/>\t\t\t\t\t\t\t\t\t\t\t\t\t\t\t<\/div>\n\t\t\t\t<\/div>\n\t\t\t\t<div class=\"elementor-element elementor-element-495f954 elementor-absolute rature elementor-widget elementor-widget-image\" data-id=\"495f954\" data-element_type=\"widget\" data-settings=\"{&quot;_position&quot;:&quot;absolute&quot;,&quot;motion_fx_motion_fx_mouse&quot;:&quot;yes&quot;,&quot;motion_fx_mouseTrack_effect&quot;:&quot;yes&quot;,&quot;motion_fx_mouseTrack_speed&quot;:{&quot;unit&quot;:&quot;px&quot;,&quot;size&quot;:0.4,&quot;sizes&quot;:[]}}\" data-widget_type=\"image.default\">\n\t\t\t\t<div class=\"elementor-widget-container\">\n\t\t\t\t\t\t\t\t\t\t\t\t\t\t\t<img width=\"203\" height=\"305\" src=\"http:\/\/v2.prudenceleasing.com\/wp-content\/uploads\/2022\/06\/faille.png\" class=\"attachment-large size-large\" alt=\"\" loading=\"lazy\" srcset=\"http:\/\/v2.prudenceleasing.com\/wp-content\/uploads\/2022\/06\/faille.png 203w, http:\/\/v2.prudenceleasing.com\/wp-content\/uploads\/2022\/06\/faille-200x300.png 200w\" sizes=\"(max-width: 203px) 100vw, 203px\" \/>\t\t\t\t\t\t\t\t\t\t\t\t\t\t\t<\/div>\n\t\t\t\t<\/div>\n\t\t\t\t<div class=\"elementor-element elementor-element-c0a5abb elementor-widget elementor-widget-heading\" data-id=\"c0a5abb\" data-element_type=\"widget\" data-widget_type=\"heading.default\">\n\t\t\t\t<div class=\"elementor-widget-container\">\n\t\t\t<div class=\"elementor-heading-title elementor-size-default\">D\u00c9P\u00d4T FIXES<\/div>\t\t<\/div>\n\t\t\t\t<\/div>\n\t\t\t\t<div class=\"elementor-element elementor-element-ebc26f8 elementor-widget elementor-widget-text-editor\" data-id=\"ebc26f8\" data-element_type=\"widget\" data-widget_type=\"text-editor.default\">\n\t\t\t\t<div class=\"elementor-widget-container\">\n\t\t\t\t\t\t\t<p><strong>Vous recherchez des opportunit\u00e9s d\u2019investissement ? Investissez vos \u00e9conomies dans un d\u00e9p\u00f4t fixe \u00e0 La Prudence Leasing Finance Co. Ltd.<\/strong><\/p><p>La Prudence Leasing Finance Co. Ltd d\u00e9tient une licence l\u2019autorisant \u00e0 accepter des d\u00e9p\u00f4ts et la compagnie est r\u00e9glement\u00e9e par la Banque de Maurice. Vous avez un capital d\u2019au moins Rs100 000 que vous souhaitez investir et ne pas d\u00e9pendre des incertitudes de la Bourse ou des dividendes d\u2019une soci\u00e9t\u00e9 pour faire fructifier cet investissement\u2026 Les d\u00e9p\u00f4ts fixes de La Prudence Leasing Finance Co. Ltd sont la solution d\u2019investissement pour vous.<\/p><p>Vous choisissez la dur\u00e9e du placement, entre 1 \u00e0 5 ans, et la fr\u00e9quence des revenus, soit mensuel, trimestriel, semestriel, annuel ou \u00e0 maturit\u00e9.<\/p><p><strong>Qui peut investir?<\/strong><\/p><p>Nous acceptons des d\u00e9p\u00f4ts de particuliers, d\u2019entreprises, d\u2019institutions financi\u00e8res et de gestionnaires de fonds.<\/p><p><strong>Vous avez des fonds de financement \u00e0 investir ?<\/strong><\/p>\t\t\t\t\t\t<\/div>\n\t\t\t\t<\/div>\n\t\t\t\t<div class=\"elementor-element elementor-element-af7df13 elementor-align-left elementor-widget elementor-widget-button\" data-id=\"af7df13\" data-element_type=\"widget\" data-widget_type=\"button.default\">\n\t\t\t\t<div class=\"elementor-widget-container\">\n\t\t\t\t\t<div class=\"elementor-button-wrapper\">\n\t\t\t<a href=\"http:\/\/v2.prudenceleasing.com\/fr\/contact-us\/\" class=\"elementor-button-link elementor-button elementor-size-md\" role=\"button\">\n\t\t\t\t\t\t<span class=\"elementor-button-content-wrapper\">\n\t\t\t\t\t\t<span class=\"elementor-button-text\">CONTACTEZ-NOUS<\/span>\n\t\t<\/span>\n\t\t\t\t\t<\/a>\n\t\t<\/div>\n\t\t\t\t<\/div>\n\t\t\t\t<\/div>\n\t\t\t\t\t<\/div>\n\t\t<\/div>\n\t\t\t\t\t\t\t<\/div>\n\t\t<\/section>\n\t\t\t\t\t\t\t<\/div>","protected":false},"excerpt":{"rendered":"<p>WE OFFER YOU THE BEST FINANCING SOLUTIONS You have specific financial needs that must be fulfilled at various stages of your personal or professional life. We provide tailored solutions to help you achieve your ambitions and maximize your cash flow. leasing Acquire an asset without having to buy it. You want to acquire an asset [&hellip;]<\/p>","protected":false},"author":1,"featured_media":0,"parent":0,"menu_order":0,"comment_status":"closed","ping_status":"closed","template":"elementor_header_footer","meta":[],"yoast_head":"<!-- This site is optimized with the Yoast SEO plugin v19.1 - https:\/\/yoast.com\/wordpress\/plugins\/seo\/ -->\n<title>Our solutions - Prudence Leasing<\/title>\n<meta name=\"robots\" content=\"index, follow, max-snippet:-1, max-image-preview:large, max-video-preview:-1\" \/>\n<link rel=\"canonical\" href=\"http:\/\/v2.prudenceleasing.com\/fr\/our-solutions\/\" \/>\n<meta property=\"og:locale\" content=\"fr_FR\" \/>\n<meta property=\"og:type\" content=\"article\" \/>\n<meta property=\"og:title\" content=\"Our solutions - Prudence Leasing\" \/>\n<meta property=\"og:description\" content=\"WE OFFER YOU THE BEST FINANCING SOLUTIONS You have specific financial needs that must be fulfilled at various stages of your personal or professional life. We provide tailored solutions to help you achieve your ambitions and maximize your cash flow. leasing Acquire an asset without having to buy it. You want to acquire an asset [&hellip;]\" \/>\n<meta property=\"og:url\" content=\"http:\/\/v2.prudenceleasing.com\/fr\/our-solutions\/\" \/>\n<meta property=\"og:site_name\" content=\"Prudence Leasing\" \/>\n<meta property=\"article:modified_time\" content=\"2022-09-21T20:28:37+00:00\" \/>\n<meta property=\"og:image\" content=\"http:\/\/v2.prudenceleasing.com\/wp-content\/uploads\/2022\/06\/herb-1.png\" \/>\n<meta name=\"twitter:card\" content=\"summary_large_image\" \/>\n<meta name=\"twitter:label1\" content=\"Dur\u00e9e de lecture estim\u00e9e\" \/>\n\t<meta name=\"twitter:data1\" content=\"3 minutes\" \/>\n<script type=\"application\/ld+json\" class=\"yoast-schema-graph\">{\"@context\":\"https:\/\/schema.org\",\"@graph\":[{\"@type\":\"WebSite\",\"@id\":\"http:\/\/v2.prudenceleasing.com\/#website\",\"url\":\"http:\/\/v2.prudenceleasing.com\/\",\"name\":\"Prudence Leasing\",\"description\":\"La Prudence Leasing vous propose une solution de location mensuelle, autrement connue comme un Operating Lease! \",\"potentialAction\":[{\"@type\":\"SearchAction\",\"target\":{\"@type\":\"EntryPoint\",\"urlTemplate\":\"http:\/\/v2.prudenceleasing.com\/?s={search_term_string}\"},\"query-input\":\"required name=search_term_string\"}],\"inLanguage\":\"fr-FR\"},{\"@type\":\"ImageObject\",\"inLanguage\":\"fr-FR\",\"@id\":\"http:\/\/v2.prudenceleasing.com\/our-solutions\/#primaryimage\",\"url\":\"http:\/\/v2.prudenceleasing.com\/wp-content\/uploads\/2022\/06\/herb-1.png\",\"contentUrl\":\"http:\/\/v2.prudenceleasing.com\/wp-content\/uploads\/2022\/06\/herb-1.png\",\"width\":89,\"height\":341},{\"@type\":\"WebPage\",\"@id\":\"http:\/\/v2.prudenceleasing.com\/our-solutions\/#webpage\",\"url\":\"http:\/\/v2.prudenceleasing.com\/our-solutions\/\",\"name\":\"Our solutions - Prudence Leasing\",\"isPartOf\":{\"@id\":\"http:\/\/v2.prudenceleasing.com\/#website\"},\"primaryImageOfPage\":{\"@id\":\"http:\/\/v2.prudenceleasing.com\/our-solutions\/#primaryimage\"},\"datePublished\":\"2022-06-23T07:43:21+00:00\",\"dateModified\":\"2022-09-21T20:28:37+00:00\",\"breadcrumb\":{\"@id\":\"http:\/\/v2.prudenceleasing.com\/our-solutions\/#breadcrumb\"},\"inLanguage\":\"fr-FR\",\"potentialAction\":[{\"@type\":\"ReadAction\",\"target\":[\"http:\/\/v2.prudenceleasing.com\/our-solutions\/\"]}]},{\"@type\":\"BreadcrumbList\",\"@id\":\"http:\/\/v2.prudenceleasing.com\/our-solutions\/#breadcrumb\",\"itemListElement\":[{\"@type\":\"ListItem\",\"position\":1,\"name\":\"Home\",\"item\":\"http:\/\/v2.prudenceleasing.com\/\"},{\"@type\":\"ListItem\",\"position\":2,\"name\":\"Our solutions\"}]}]}<\/script>\n<!-- \/ Yoast SEO plugin. -->","yoast_head_json":{"title":"Our solutions - Prudence Leasing","robots":{"index":"index","follow":"follow","max-snippet":"max-snippet:-1","max-image-preview":"max-image-preview:large","max-video-preview":"max-video-preview:-1"},"canonical":"http:\/\/v2.prudenceleasing.com\/fr\/our-solutions\/","og_locale":"fr_FR","og_type":"article","og_title":"Our solutions - Prudence Leasing","og_description":"WE OFFER YOU THE BEST FINANCING SOLUTIONS You have specific financial needs that must be fulfilled at various stages of your personal or professional life. We provide tailored solutions to help you achieve your ambitions and maximize your cash flow. leasing Acquire an asset without having to buy it. You want to acquire an asset [&hellip;]","og_url":"http:\/\/v2.prudenceleasing.com\/fr\/our-solutions\/","og_site_name":"Prudence Leasing","article_modified_time":"2022-09-21T20:28:37+00:00","og_image":[{"url":"http:\/\/v2.prudenceleasing.com\/wp-content\/uploads\/2022\/06\/herb-1.png"}],"twitter_card":"summary_large_image","twitter_misc":{"Dur\u00e9e de lecture estim\u00e9e":"3 minutes"},"schema":{"@context":"https:\/\/schema.org","@graph":[{"@type":"WebSite","@id":"http:\/\/v2.prudenceleasing.com\/#website","url":"http:\/\/v2.prudenceleasing.com\/","name":"Prudence Leasing","description":"La Prudence Leasing vous propose une solution de location mensuelle, autrement connue comme un Operating Lease! ","potentialAction":[{"@type":"SearchAction","target":{"@type":"EntryPoint","urlTemplate":"http:\/\/v2.prudenceleasing.com\/?s={search_term_string}"},"query-input":"required name=search_term_string"}],"inLanguage":"fr-FR"},{"@type":"ImageObject","inLanguage":"fr-FR","@id":"http:\/\/v2.prudenceleasing.com\/our-solutions\/#primaryimage","url":"http:\/\/v2.prudenceleasing.com\/wp-content\/uploads\/2022\/06\/herb-1.png","contentUrl":"http:\/\/v2.prudenceleasing.com\/wp-content\/uploads\/2022\/06\/herb-1.png","width":89,"height":341},{"@type":"WebPage","@id":"http:\/\/v2.prudenceleasing.com\/our-solutions\/#webpage","url":"http:\/\/v2.prudenceleasing.com\/our-solutions\/","name":"Our solutions - Prudence Leasing","isPartOf":{"@id":"http:\/\/v2.prudenceleasing.com\/#website"},"primaryImageOfPage":{"@id":"http:\/\/v2.prudenceleasing.com\/our-solutions\/#primaryimage"},"datePublished":"2022-06-23T07:43:21+00:00","dateModified":"2022-09-21T20:28:37+00:00","breadcrumb":{"@id":"http:\/\/v2.prudenceleasing.com\/our-solutions\/#breadcrumb"},"inLanguage":"fr-FR","potentialAction":[{"@type":"ReadAction","target":["http:\/\/v2.prudenceleasing.com\/our-solutions\/"]}]},{"@type":"BreadcrumbList","@id":"http:\/\/v2.prudenceleasing.com\/our-solutions\/#breadcrumb","itemListElement":[{"@type":"ListItem","position":1,"name":"Home","item":"http:\/\/v2.prudenceleasing.com\/"},{"@type":"ListItem","position":2,"name":"Our solutions"}]}]}},"_links":{"self":[{"href":"http:\/\/v2.prudenceleasing.com\/fr\/wp-json\/wp\/v2\/pages\/41"}],"collection":[{"href":"http:\/\/v2.prudenceleasing.com\/fr\/wp-json\/wp\/v2\/pages"}],"about":[{"href":"http:\/\/v2.prudenceleasing.com\/fr\/wp-json\/wp\/v2\/types\/page"}],"author":[{"embeddable":true,"href":"http:\/\/v2.prudenceleasing.com\/fr\/wp-json\/wp\/v2\/users\/1"}],"replies":[{"embeddable":true,"href":"http:\/\/v2.prudenceleasing.com\/fr\/wp-json\/wp\/v2\/comments?post=41"}],"version-history":[{"count":337,"href":"http:\/\/v2.prudenceleasing.com\/fr\/wp-json\/wp\/v2\/pages\/41\/revisions"}],"predecessor-version":[{"id":7963,"href":"http:\/\/v2.prudenceleasing.com\/fr\/wp-json\/wp\/v2\/pages\/41\/revisions\/7963"}],"wp:attachment":[{"href":"http:\/\/v2.prudenceleasing.com\/fr\/wp-json\/wp\/v2\/media?parent=41"}],"curies":[{"name":"wp","href":"https:\/\/api.w.org\/{rel}","templated":true}]}}