{"id":43,"date":"2022-06-23T07:43:56","date_gmt":"2022-06-23T07:43:56","guid":{"rendered":"http:\/\/v2.prudenceleasing.com\/?page_id=43"},"modified":"2022-09-20T17:51:31","modified_gmt":"2022-09-20T17:51:31","slug":"lease-solutions","status":"publish","type":"page","link":"http:\/\/v2.prudenceleasing.com\/fr\/lease-solutions\/","title":{"rendered":"solutions Leasing"},"content":{"rendered":"<div data-elementor-type=\"wp-page\" data-elementor-id=\"43\" class=\"elementor elementor-43\">\n\t\t\t\t\t\t\t\t\t<section class=\"elementor-section elementor-top-section elementor-element elementor-element-fc5c43f elementor-section-height-min-height elementor-section-full_width elementor-section-items-stretch elementor-section-stretched wrap-anim  ourSolutionBanner elementor-section-height-default\" data-id=\"fc5c43f\" data-element_type=\"section\" data-settings=\"{&quot;background_background&quot;:&quot;classic&quot;,&quot;stretch_section&quot;:&quot;section-stretched&quot;,&quot;background_motion_fx_translateY_effect&quot;:&quot;yes&quot;,&quot;background_motion_fx_translateY_speed&quot;:{&quot;unit&quot;:&quot;px&quot;,&quot;size&quot;:1.6,&quot;sizes&quot;:[]},&quot;background_motion_fx_motion_fx_mouse&quot;:&quot;yes&quot;,&quot;background_motion_fx_mouseTrack_effect&quot;:&quot;yes&quot;,&quot;background_motion_fx_mouseTrack_speed&quot;:{&quot;unit&quot;:&quot;px&quot;,&quot;size&quot;:0.1,&quot;sizes&quot;:[]},&quot;background_motion_fx_motion_fx_scrolling&quot;:&quot;yes&quot;,&quot;background_motion_fx_translateY_affectedRange&quot;:{&quot;unit&quot;:&quot;%&quot;,&quot;size&quot;:&quot;&quot;,&quot;sizes&quot;:{&quot;start&quot;:0,&quot;end&quot;:100}},&quot;background_motion_fx_devices&quot;:[&quot;desktop&quot;,&quot;tablet&quot;,&quot;mobile&quot;]}\">\n\t\t\t\t\t\t\t<div class=\"elementor-background-overlay\"><\/div>\n\t\t\t\t\t\t\t<div class=\"elementor-container elementor-column-gap-default\">\n\t\t\t\t\t<div class=\"elementor-column elementor-col-50 elementor-top-column elementor-element elementor-element-505a240 ourSolution_bannerLeft\" data-id=\"505a240\" data-element_type=\"column\" data-settings=\"{&quot;background_background&quot;:&quot;classic&quot;}\">\n\t\t\t<div class=\"elementor-widget-wrap elementor-element-populated\">\n\t\t\t\t\t\t\t\t<div class=\"elementor-element elementor-element-4af46e3 elementor-widget__width-auto elementor-absolute elementor-widget elementor-widget-image\" data-id=\"4af46e3\" data-element_type=\"widget\" data-settings=\"{&quot;_position&quot;:&quot;absolute&quot;,&quot;motion_fx_motion_fx_mouse&quot;:&quot;yes&quot;,&quot;motion_fx_mouseTrack_direction&quot;:&quot;negative&quot;,&quot;motion_fx_mouseTrack_effect&quot;:&quot;yes&quot;,&quot;motion_fx_mouseTrack_speed&quot;:{&quot;unit&quot;:&quot;px&quot;,&quot;size&quot;:0.5,&quot;sizes&quot;:[]}}\" data-widget_type=\"image.default\">\n\t\t\t\t<div class=\"elementor-widget-container\">\n\t\t\t\t\t\t\t\t\t\t\t\t\t\t\t<img width=\"205\" height=\"300\" src=\"http:\/\/v2.prudenceleasing.com\/wp-content\/uploads\/2022\/06\/herbS-205x300.png\" class=\"attachment-medium size-medium\" alt=\"\" loading=\"lazy\" srcset=\"http:\/\/v2.prudenceleasing.com\/wp-content\/uploads\/2022\/06\/herbS-205x300.png 205w, http:\/\/v2.prudenceleasing.com\/wp-content\/uploads\/2022\/06\/herbS.png 208w\" sizes=\"(max-width: 205px) 100vw, 205px\" \/>\t\t\t\t\t\t\t\t\t\t\t\t\t\t\t<\/div>\n\t\t\t\t<\/div>\n\t\t\t\t<div class=\"elementor-element elementor-element-b42e984 elementor-widget__width-auto elementor-absolute arato elementor-widget elementor-widget-image\" data-id=\"b42e984\" data-element_type=\"widget\" data-settings=\"{&quot;_position&quot;:&quot;absolute&quot;,&quot;motion_fx_motion_fx_mouse&quot;:&quot;yes&quot;,&quot;motion_fx_mouseTrack_direction&quot;:&quot;negative&quot;,&quot;motion_fx_mouseTrack_effect&quot;:&quot;yes&quot;,&quot;motion_fx_mouseTrack_speed&quot;:{&quot;unit&quot;:&quot;px&quot;,&quot;size&quot;:0.5,&quot;sizes&quot;:[]}}\" data-widget_type=\"image.default\">\n\t\t\t\t<div class=\"elementor-widget-container\">\n\t\t\t\t\t\t\t\t\t\t\t\t\t\t\t<img width=\"261\" height=\"300\" src=\"http:\/\/v2.prudenceleasing.com\/wp-content\/uploads\/2022\/06\/rature-261x300.png\" class=\"attachment-medium size-medium\" alt=\"\" loading=\"lazy\" srcset=\"http:\/\/v2.prudenceleasing.com\/wp-content\/uploads\/2022\/06\/rature-261x300.png 261w, http:\/\/v2.prudenceleasing.com\/wp-content\/uploads\/2022\/06\/rature.png 343w\" sizes=\"(max-width: 261px) 100vw, 261px\" \/>\t\t\t\t\t\t\t\t\t\t\t\t\t\t\t<\/div>\n\t\t\t\t<\/div>\n\t\t\t\t<div class=\"elementor-element elementor-element-3567855 elementor-widget__width-auto elementor-absolute maitso elementor-widget elementor-widget-image\" data-id=\"3567855\" data-element_type=\"widget\" data-settings=\"{&quot;_position&quot;:&quot;absolute&quot;,&quot;motion_fx_motion_fx_mouse&quot;:&quot;yes&quot;,&quot;motion_fx_mouseTrack_direction&quot;:&quot;negative&quot;,&quot;motion_fx_mouseTrack_effect&quot;:&quot;yes&quot;,&quot;motion_fx_mouseTrack_speed&quot;:{&quot;unit&quot;:&quot;px&quot;,&quot;size&quot;:0.1,&quot;sizes&quot;:[]}}\" data-widget_type=\"image.default\">\n\t\t\t\t<div class=\"elementor-widget-container\">\n\t\t\t\t\t\t\t\t\t\t\t\t\t\t\t<img width=\"300\" height=\"284\" src=\"http:\/\/v2.prudenceleasing.com\/wp-content\/uploads\/2022\/06\/corail-300x284.png\" class=\"attachment-medium size-medium\" alt=\"\" loading=\"lazy\" srcset=\"http:\/\/v2.prudenceleasing.com\/wp-content\/uploads\/2022\/06\/corail-300x284.png 300w, http:\/\/v2.prudenceleasing.com\/wp-content\/uploads\/2022\/06\/corail.png 587w\" sizes=\"(max-width: 300px) 100vw, 300px\" \/>\t\t\t\t\t\t\t\t\t\t\t\t\t\t\t<\/div>\n\t\t\t\t<\/div>\n\t\t\t\t<div class=\"elementor-element elementor-element-3542c0b elementor-widget__width-auto elementor-absolute elementor-widget elementor-widget-image\" data-id=\"3542c0b\" data-element_type=\"widget\" data-settings=\"{&quot;_position&quot;:&quot;absolute&quot;,&quot;motion_fx_motion_fx_mouse&quot;:&quot;yes&quot;,&quot;motion_fx_mouseTrack_direction&quot;:&quot;negative&quot;,&quot;motion_fx_mouseTrack_effect&quot;:&quot;yes&quot;,&quot;motion_fx_mouseTrack_speed&quot;:{&quot;unit&quot;:&quot;px&quot;,&quot;size&quot;:0.2,&quot;sizes&quot;:[]}}\" data-widget_type=\"image.default\">\n\t\t\t\t<div class=\"elementor-widget-container\">\n\t\t\t\t\t\t\t\t\t\t\t\t\t\t\t<img src=\"http:\/\/v2.prudenceleasing.com\/wp-content\/uploads\/2022\/06\/trel.png\" title=\"trel\" alt=\"trel\" \/>\t\t\t\t\t\t\t\t\t\t\t\t\t\t\t<\/div>\n\t\t\t\t<\/div>\n\t\t\t\t\t<\/div>\n\t\t<\/div>\n\t\t\t\t<div class=\"elementor-column elementor-col-50 elementor-top-column elementor-element elementor-element-67c6a21   ourSolutionBanner-right\" data-id=\"67c6a21\" data-element_type=\"column\" data-settings=\"{&quot;background_background&quot;:&quot;classic&quot;}\">\n\t\t\t<div class=\"elementor-widget-wrap elementor-element-populated\">\n\t\t\t\t\t\t\t\t<div class=\"elementor-element elementor-element-fef3075 elementor-widget__width-initial elementor-absolute elementor-invisible elementor-widget elementor-widget-image\" data-id=\"fef3075\" data-element_type=\"widget\" data-settings=\"{&quot;_position&quot;:&quot;absolute&quot;,&quot;motion_fx_motion_fx_mouse&quot;:&quot;yes&quot;,&quot;motion_fx_tilt_direction&quot;:&quot;negative&quot;,&quot;motion_fx_tilt_effect&quot;:&quot;yes&quot;,&quot;motion_fx_tilt_speed&quot;:{&quot;unit&quot;:&quot;px&quot;,&quot;size&quot;:1,&quot;sizes&quot;:[]},&quot;_animation&quot;:&quot;zoomIn&quot;,&quot;_animation_delay&quot;:50}\" data-widget_type=\"image.default\">\n\t\t\t\t<div class=\"elementor-widget-container\">\n\t\t\t\t\t\t\t\t\t\t\t\t\t\t\t<img src=\"http:\/\/v2.prudenceleasing.com\/wp-content\/uploads\/2022\/06\/trait.png\" title=\"\" alt=\"\" \/>\t\t\t\t\t\t\t\t\t\t\t\t\t\t\t<\/div>\n\t\t\t\t<\/div>\n\t\t\t\t<div class=\"elementor-element elementor-element-7d3701c elementor-widget__width-auto our_leasing elementor-invisible elementor-widget elementor-widget-heading\" data-id=\"7d3701c\" data-element_type=\"widget\" data-settings=\"{&quot;_animation&quot;:&quot;zoomIn&quot;,&quot;_animation_delay&quot;:50}\" data-widget_type=\"heading.default\">\n\t\t\t\t<div class=\"elementor-widget-container\">\n\t\t\t<div class=\"elementor-heading-title elementor-size-default\">SOLUTION&nbsp;<\/div>\t\t<\/div>\n\t\t\t\t<\/div>\n\t\t\t\t<div class=\"elementor-element elementor-element-dce3d8b elementor-widget__width-auto elementor-invisible elementor-widget elementor-widget-heading\" data-id=\"dce3d8b\" data-element_type=\"widget\" data-settings=\"{&quot;_animation&quot;:&quot;zoomIn&quot;,&quot;_animation_delay&quot;:50}\" data-widget_type=\"heading.default\">\n\t\t\t\t<div class=\"elementor-widget-container\">\n\t\t\t<div class=\"elementor-heading-title elementor-size-default\">LEASING<\/div>\t\t<\/div>\n\t\t\t\t<\/div>\n\t\t\t\t<div class=\"elementor-element elementor-element-2355669 ourSolution_accordion elementor-widget elementor-widget-accordion\" data-id=\"2355669\" data-element_type=\"widget\" img-financeleasing=\"http:\/\/v2.prudenceleasing.com\/wp-content\/uploads\/2022\/06\/femme-1.png\" img-operatingleasing=\"http:\/\/v2.prudenceleasing.com\/wp-content\/uploads\/2022\/07\/LEASING-SUB-2v3.png\" img-salesleaseback=\"http:\/\/v2.prudenceleasing.com\/wp-content\/uploads\/2022\/09\/SALES-LEASE-BACK-2.png\" data-widget_type=\"accordion.default\">\n\t\t\t\t<div class=\"elementor-widget-container\">\n\t\t\t\t\t<div class=\"elementor-accordion\" role=\"tablist\">\n\t\t\t\t\t\t\t<div class=\"elementor-accordion-item\">\n\t\t\t\t\t<div id=\"elementor-tab-title-3701\" class=\"elementor-tab-title\" data-tab=\"1\" role=\"tab\" aria-controls=\"elementor-tab-content-3701\" aria-expanded=\"false\">\n\t\t\t\t\t\t\t\t\t\t\t\t\t<span class=\"elementor-accordion-icon elementor-accordion-icon-left\" aria-hidden=\"true\">\n\t\t\t\t\t\t\t\t\t\t\t\t\t\t\t<span class=\"elementor-accordion-icon-closed\"><i class=\"fas fa-plus\"><\/i><\/span>\n\t\t\t\t\t\t\t\t<span class=\"elementor-accordion-icon-opened\"><i class=\"fas fa-minus\"><\/i><\/span>\n\t\t\t\t\t\t\t\t\t\t\t\t\t\t<\/span>\n\t\t\t\t\t\t\t\t\t\t\t\t<a class=\"elementor-accordion-title\" href=\"\">FINANCE LEASE<\/a>\n\t\t\t\t\t<\/div>\n\t\t\t\t\t<div id=\"elementor-tab-content-3701\" class=\"elementor-tab-content elementor-clearfix\" data-tab=\"1\" role=\"tabpanel\" aria-labelledby=\"elementor-tab-title-3701\"><p>Vous avez besoin d\u2019un v\u00e9hicule ou d\u2019un \u00e9quipement, avancez sans crainte avec notre Finance Lease.<\/p><p>La Prudence Leasing Finance Co. Ltd finance votre acquisition \u00e0 travers un contrat de leasing avec option d\u2019achat. Vous utilisez le bien moyennant un loyer mensuel et, une fois arriv\u00e9 au terme du bail, vous pouvez choisir de devenir propri\u00e9taire du bien pour le montant de sa valeur r\u00e9siduelle (en principe 1 % de la valeur du bien \u00e0 l\u2019achat).<\/p><p>R\u00e9alisez vos objectifs.\u00a0<\/p><p><strong><span style=\"color: #000000;\"><a style=\"color: #000000;\" href=\"http:\/\/v2.prudenceleasing.com\/fr\/contact-us\/\">Contactez-nous pour une solution.<\/a><\/span><\/strong>.<\/p><\/div>\n\t\t\t\t<\/div>\n\t\t\t\t\t\t\t<div class=\"elementor-accordion-item\">\n\t\t\t\t\t<div id=\"elementor-tab-title-3702\" class=\"elementor-tab-title\" data-tab=\"2\" role=\"tab\" aria-controls=\"elementor-tab-content-3702\" aria-expanded=\"false\">\n\t\t\t\t\t\t\t\t\t\t\t\t\t<span class=\"elementor-accordion-icon elementor-accordion-icon-left\" aria-hidden=\"true\">\n\t\t\t\t\t\t\t\t\t\t\t\t\t\t\t<span class=\"elementor-accordion-icon-closed\"><i class=\"fas fa-plus\"><\/i><\/span>\n\t\t\t\t\t\t\t\t<span class=\"elementor-accordion-icon-opened\"><i class=\"fas fa-minus\"><\/i><\/span>\n\t\t\t\t\t\t\t\t\t\t\t\t\t\t<\/span>\n\t\t\t\t\t\t\t\t\t\t\t\t<a class=\"elementor-accordion-title\" href=\"\">OPERATING LEASE<\/a>\n\t\t\t\t\t<\/div>\n\t\t\t\t\t<div id=\"elementor-tab-content-3702\" class=\"elementor-tab-content elementor-clearfix\" data-tab=\"2\" role=\"tabpanel\" aria-labelledby=\"elementor-tab-title-3702\"><p>Pr\u00e9f\u00e9rez-vous une solution moyennant un loyer mensuel ? Notre Operating Lease est la r\u00e9ponse \u00e0 votre besoin.<\/p><p>Un Operating Lease est un contrat de leasing qui vous permet d\u2019utiliser un \u00e9quipement sans en d\u00e9tenir les droits de propri\u00e9t\u00e9. En \u00e9change, vous payez un loyer mensuel.<\/p><p>L\u2019actif n\u2019est pas comptabilis\u00e9 en tant qu\u2019immobilisation dans vos registres comptables. Il est identifi\u00e9 comme un actif hors bilan. A la fin du contrat, vous pouvez, si vous le souhaitez, signer un nouveau contrat de location ou faire une demande d\u2019acquisition.<\/p><p>Garantissez la r\u00e9ussite de vos ambitions.<\/p><p><span style=\"color: #000000;\"><a style=\"color: #000000;\" href=\"http:\/\/v2.prudenceleasing.com\/fr\/contact-us\/\"><strong>Contactez-nous pour une solution.<\/strong><\/a><\/span><\/p><\/div>\n\t\t\t\t<\/div>\n\t\t\t\t\t\t\t<div class=\"elementor-accordion-item\">\n\t\t\t\t\t<div id=\"elementor-tab-title-3703\" class=\"elementor-tab-title\" data-tab=\"3\" role=\"tab\" aria-controls=\"elementor-tab-content-3703\" aria-expanded=\"false\">\n\t\t\t\t\t\t\t\t\t\t\t\t\t<span class=\"elementor-accordion-icon elementor-accordion-icon-left\" aria-hidden=\"true\">\n\t\t\t\t\t\t\t\t\t\t\t\t\t\t\t<span class=\"elementor-accordion-icon-closed\"><i class=\"fas fa-plus\"><\/i><\/span>\n\t\t\t\t\t\t\t\t<span class=\"elementor-accordion-icon-opened\"><i class=\"fas fa-minus\"><\/i><\/span>\n\t\t\t\t\t\t\t\t\t\t\t\t\t\t<\/span>\n\t\t\t\t\t\t\t\t\t\t\t\t<a class=\"elementor-accordion-title\" href=\"\">SALES &amp; LEASE BACK<\/a>\n\t\t\t\t\t<\/div>\n\t\t\t\t\t<div id=\"elementor-tab-content-3703\" class=\"elementor-tab-content elementor-clearfix\" data-tab=\"3\" role=\"tabpanel\" aria-labelledby=\"elementor-tab-title-3703\"><p>Besoin de saisir une opportunit\u00e9 ? Notre Sale &amp; Lease Back vous permet de r\u00e9aliser vos projets.<\/p><p>La Prudence Leasing Finance Co. Ltd finance le montant d\u2019un bien que vous ayez d\u00e9j\u00e0 acquis et pay\u00e9. Vous pouvez ainsi obtenir le capital requis pour d\u00e9velopper vos projets personnels ou votre entreprise. En fait, vous \u00ab vendez \u00bb votre bien \u00e0 La Prudence Leasing Finance Co. Ltd; vous en devenez ainsi le locataire pendant la dur\u00e9e du contrat de leasing. \u00c0 la fin du contrat, vous pouvez exercer votre option d\u2019achat et r\u00e9cup\u00e9rer votre bien pour 1 % de sa valeur r\u00e9siduelle.<\/p><p>Maitrisez la situation.<\/p><p><span style=\"color: #000000;\"><a style=\"color: #000000;\" href=\"http:\/\/v2.prudenceleasing.com\/fr\/contact-us\/\"><strong>Contactez-nous pour une solution.<\/strong><\/a><\/span><\/p><\/div>\n\t\t\t\t<\/div>\n\t\t\t\t\t\t\t\t<\/div>\n\t\t\t\t<\/div>\n\t\t\t\t<\/div>\n\t\t\t\t<div class=\"elementor-element elementor-element-3420e51 calculator_btn elementor-invisible elementor-widget elementor-widget-button\" data-id=\"3420e51\" data-element_type=\"widget\" data-settings=\"{&quot;_animation&quot;:&quot;zoomIn&quot;,&quot;_animation_delay&quot;:200}\" data-widget_type=\"button.default\">\n\t\t\t\t<div class=\"elementor-widget-container\">\n\t\t\t\t\t<div class=\"elementor-button-wrapper\">\n\t\t\t<a href=\"http:\/\/v2.prudenceleasing.com\/en\/calculator\/\" class=\"elementor-button-link elementor-button elementor-size-sm\" role=\"button\">\n\t\t\t\t\t\t<span class=\"elementor-button-content-wrapper\">\n\t\t\t\t\t\t\t<span class=\"elementor-button-icon elementor-align-icon-right\">\n\t\t\t\t<i aria-hidden=\"true\" class=\"fas fa-calculator\"><\/i>\t\t\t<\/span>\n\t\t\t\t\t\t<span class=\"elementor-button-text\">CALCULATRICE DE SIMULATION<\/span>\n\t\t<\/span>\n\t\t\t\t\t<\/a>\n\t\t<\/div>\n\t\t\t\t<\/div>\n\t\t\t\t<\/div>\n\t\t\t\t<div class=\"elementor-element elementor-element-0623853 requestForm_btn elementor-invisible elementor-widget elementor-widget-button\" data-id=\"0623853\" data-element_type=\"widget\" data-settings=\"{&quot;_animation&quot;:&quot;zoomIn&quot;,&quot;_animation_delay&quot;:200}\" data-widget_type=\"button.default\">\n\t\t\t\t<div class=\"elementor-widget-container\">\n\t\t\t\t\t<div class=\"elementor-button-wrapper\">\n\t\t\t<a href=\"http:\/\/v2.prudenceleasing.com\/en\/request-form\/\" class=\"elementor-button-link elementor-button elementor-size-sm\" role=\"button\">\n\t\t\t\t\t\t<span class=\"elementor-button-content-wrapper\">\n\t\t\t\t\t\t\t<span class=\"elementor-button-icon elementor-align-icon-right\">\n\t\t\t\t<i aria-hidden=\"true\" class=\"icon icon-information\"><\/i>\t\t\t<\/span>\n\t\t\t\t\t\t<span class=\"elementor-button-text\">DEVIS<\/span>\n\t\t<\/span>\n\t\t\t\t\t<\/a>\n\t\t<\/div>\n\t\t\t\t<\/div>\n\t\t\t\t<\/div>\n\t\t\t\t\t<\/div>\n\t\t<\/div>\n\t\t\t\t\t\t\t<\/div>\n\t\t<\/section>\n\t\t\t\t\t\t\t<\/div>","protected":false},"excerpt":{"rendered":"<p>OUR LEASING&nbsp; SOLUTION FINANCE LEASING You need a vehicle or an equipment, move forward fearlessly with our Finance Lease. Prudence Leasing finances your acquisition under a lease contract with a purchase option. You use the asset against a monthly rental and, once you reach the end of the lease, you can choose to own the [&hellip;]<\/p>","protected":false},"author":1,"featured_media":0,"parent":0,"menu_order":0,"comment_status":"closed","ping_status":"closed","template":"elementor_header_footer","meta":[],"yoast_head":"<!-- This site is optimized with the Yoast SEO plugin v19.1 - https:\/\/yoast.com\/wordpress\/plugins\/seo\/ -->\n<title>Lease solutions - Prudence Leasing<\/title>\n<meta name=\"robots\" content=\"index, follow, max-snippet:-1, max-image-preview:large, max-video-preview:-1\" \/>\n<link rel=\"canonical\" href=\"http:\/\/v2.prudenceleasing.com\/fr\/lease-solutions\/\" \/>\n<meta property=\"og:locale\" content=\"fr_FR\" \/>\n<meta property=\"og:type\" content=\"article\" \/>\n<meta property=\"og:title\" content=\"Lease solutions - Prudence Leasing\" \/>\n<meta property=\"og:description\" content=\"OUR LEASING&nbsp; SOLUTION FINANCE LEASING You need a vehicle or an equipment, move forward fearlessly with our Finance Lease. Prudence Leasing finances your acquisition under a lease contract with a purchase option. You use the asset against a monthly rental and, once you reach the end of the lease, you can choose to own the [&hellip;]\" \/>\n<meta property=\"og:url\" content=\"http:\/\/v2.prudenceleasing.com\/fr\/lease-solutions\/\" \/>\n<meta property=\"og:site_name\" content=\"Prudence Leasing\" \/>\n<meta property=\"article:modified_time\" content=\"2022-09-20T17:51:31+00:00\" \/>\n<meta property=\"og:image\" content=\"http:\/\/v2.prudenceleasing.com\/wp-content\/uploads\/2022\/06\/herbS-205x300.png\" \/>\n<meta name=\"twitter:card\" content=\"summary_large_image\" \/>\n<meta name=\"twitter:label1\" content=\"Dur\u00e9e de lecture estim\u00e9e\" \/>\n\t<meta name=\"twitter:data1\" content=\"3 minutes\" \/>\n<script type=\"application\/ld+json\" class=\"yoast-schema-graph\">{\"@context\":\"https:\/\/schema.org\",\"@graph\":[{\"@type\":\"WebSite\",\"@id\":\"http:\/\/v2.prudenceleasing.com\/#website\",\"url\":\"http:\/\/v2.prudenceleasing.com\/\",\"name\":\"Prudence Leasing\",\"description\":\"La Prudence Leasing vous propose une solution de location mensuelle, autrement connue comme un Operating Lease! \",\"potentialAction\":[{\"@type\":\"SearchAction\",\"target\":{\"@type\":\"EntryPoint\",\"urlTemplate\":\"http:\/\/v2.prudenceleasing.com\/?s={search_term_string}\"},\"query-input\":\"required name=search_term_string\"}],\"inLanguage\":\"fr-FR\"},{\"@type\":\"ImageObject\",\"inLanguage\":\"fr-FR\",\"@id\":\"http:\/\/v2.prudenceleasing.com\/lease-solutions\/#primaryimage\",\"url\":\"http:\/\/v2.prudenceleasing.com\/wp-content\/uploads\/2022\/06\/herbS.png\",\"contentUrl\":\"http:\/\/v2.prudenceleasing.com\/wp-content\/uploads\/2022\/06\/herbS.png\",\"width\":208,\"height\":305},{\"@type\":\"WebPage\",\"@id\":\"http:\/\/v2.prudenceleasing.com\/lease-solutions\/#webpage\",\"url\":\"http:\/\/v2.prudenceleasing.com\/lease-solutions\/\",\"name\":\"Lease solutions - Prudence Leasing\",\"isPartOf\":{\"@id\":\"http:\/\/v2.prudenceleasing.com\/#website\"},\"primaryImageOfPage\":{\"@id\":\"http:\/\/v2.prudenceleasing.com\/lease-solutions\/#primaryimage\"},\"datePublished\":\"2022-06-23T07:43:56+00:00\",\"dateModified\":\"2022-09-20T17:51:31+00:00\",\"breadcrumb\":{\"@id\":\"http:\/\/v2.prudenceleasing.com\/lease-solutions\/#breadcrumb\"},\"inLanguage\":\"fr-FR\",\"potentialAction\":[{\"@type\":\"ReadAction\",\"target\":[\"http:\/\/v2.prudenceleasing.com\/lease-solutions\/\"]}]},{\"@type\":\"BreadcrumbList\",\"@id\":\"http:\/\/v2.prudenceleasing.com\/lease-solutions\/#breadcrumb\",\"itemListElement\":[{\"@type\":\"ListItem\",\"position\":1,\"name\":\"Home\",\"item\":\"http:\/\/v2.prudenceleasing.com\/\"},{\"@type\":\"ListItem\",\"position\":2,\"name\":\"Lease solutions\"}]}]}<\/script>\n<!-- \/ Yoast SEO plugin. -->","yoast_head_json":{"title":"Lease solutions - Prudence Leasing","robots":{"index":"index","follow":"follow","max-snippet":"max-snippet:-1","max-image-preview":"max-image-preview:large","max-video-preview":"max-video-preview:-1"},"canonical":"http:\/\/v2.prudenceleasing.com\/fr\/lease-solutions\/","og_locale":"fr_FR","og_type":"article","og_title":"Lease solutions - Prudence Leasing","og_description":"OUR LEASING&nbsp; SOLUTION FINANCE LEASING You need a vehicle or an equipment, move forward fearlessly with our Finance Lease. Prudence Leasing finances your acquisition under a lease contract with a purchase option. You use the asset against a monthly rental and, once you reach the end of the lease, you can choose to own the [&hellip;]","og_url":"http:\/\/v2.prudenceleasing.com\/fr\/lease-solutions\/","og_site_name":"Prudence Leasing","article_modified_time":"2022-09-20T17:51:31+00:00","og_image":[{"url":"http:\/\/v2.prudenceleasing.com\/wp-content\/uploads\/2022\/06\/herbS-205x300.png"}],"twitter_card":"summary_large_image","twitter_misc":{"Dur\u00e9e de lecture estim\u00e9e":"3 minutes"},"schema":{"@context":"https:\/\/schema.org","@graph":[{"@type":"WebSite","@id":"http:\/\/v2.prudenceleasing.com\/#website","url":"http:\/\/v2.prudenceleasing.com\/","name":"Prudence Leasing","description":"La Prudence Leasing vous propose une solution de location mensuelle, autrement connue comme un Operating Lease! ","potentialAction":[{"@type":"SearchAction","target":{"@type":"EntryPoint","urlTemplate":"http:\/\/v2.prudenceleasing.com\/?s={search_term_string}"},"query-input":"required name=search_term_string"}],"inLanguage":"fr-FR"},{"@type":"ImageObject","inLanguage":"fr-FR","@id":"http:\/\/v2.prudenceleasing.com\/lease-solutions\/#primaryimage","url":"http:\/\/v2.prudenceleasing.com\/wp-content\/uploads\/2022\/06\/herbS.png","contentUrl":"http:\/\/v2.prudenceleasing.com\/wp-content\/uploads\/2022\/06\/herbS.png","width":208,"height":305},{"@type":"WebPage","@id":"http:\/\/v2.prudenceleasing.com\/lease-solutions\/#webpage","url":"http:\/\/v2.prudenceleasing.com\/lease-solutions\/","name":"Lease solutions - Prudence Leasing","isPartOf":{"@id":"http:\/\/v2.prudenceleasing.com\/#website"},"primaryImageOfPage":{"@id":"http:\/\/v2.prudenceleasing.com\/lease-solutions\/#primaryimage"},"datePublished":"2022-06-23T07:43:56+00:00","dateModified":"2022-09-20T17:51:31+00:00","breadcrumb":{"@id":"http:\/\/v2.prudenceleasing.com\/lease-solutions\/#breadcrumb"},"inLanguage":"fr-FR","potentialAction":[{"@type":"ReadAction","target":["http:\/\/v2.prudenceleasing.com\/lease-solutions\/"]}]},{"@type":"BreadcrumbList","@id":"http:\/\/v2.prudenceleasing.com\/lease-solutions\/#breadcrumb","itemListElement":[{"@type":"ListItem","position":1,"name":"Home","item":"http:\/\/v2.prudenceleasing.com\/"},{"@type":"ListItem","position":2,"name":"Lease solutions"}]}]}},"_links":{"self":[{"href":"http:\/\/v2.prudenceleasing.com\/fr\/wp-json\/wp\/v2\/pages\/43"}],"collection":[{"href":"http:\/\/v2.prudenceleasing.com\/fr\/wp-json\/wp\/v2\/pages"}],"about":[{"href":"http:\/\/v2.prudenceleasing.com\/fr\/wp-json\/wp\/v2\/types\/page"}],"author":[{"embeddable":true,"href":"http:\/\/v2.prudenceleasing.com\/fr\/wp-json\/wp\/v2\/users\/1"}],"replies":[{"embeddable":true,"href":"http:\/\/v2.prudenceleasing.com\/fr\/wp-json\/wp\/v2\/comments?post=43"}],"version-history":[{"count":149,"href":"http:\/\/v2.prudenceleasing.com\/fr\/wp-json\/wp\/v2\/pages\/43\/revisions"}],"predecessor-version":[{"id":7908,"href":"http:\/\/v2.prudenceleasing.com\/fr\/wp-json\/wp\/v2\/pages\/43\/revisions\/7908"}],"wp:attachment":[{"href":"http:\/\/v2.prudenceleasing.com\/fr\/wp-json\/wp\/v2\/media?parent=43"}],"curies":[{"name":"wp","href":"https:\/\/api.w.org\/{rel}","templated":true}]}}